{"id":1225,"date":"2018-04-23T11:00:44","date_gmt":"2018-04-23T09:00:44","guid":{"rendered":"http:\/\/casamatilda.es\/reservations\/"},"modified":"2024-10-16T12:35:07","modified_gmt":"2024-10-16T10:35:07","slug":"reservations","status":"publish","type":"page","link":"https:\/\/casamatilda.es\/fr\/reservations\/","title":{"rendered":"R\u00e9servations"},"content":{"rendered":"\n<style type=\"text\/css\" data-created_by=\"avia_inline_auto\" id=\"style-css-av-2kmyxq-34d2c6c9d439a5ae40f24eeb1067df98\">\n.avia-section.av-2kmyxq-34d2c6c9d439a5ae40f24eeb1067df98 .av-parallax .av-parallax-inner{\nbackground-color:#f8f6f2;\nbackground-repeat:no-repeat;\nbackground-image:url(https:\/\/casamatilda.es\/wp-content\/uploads\/2018\/03\/fachada.jpg);\nbackground-position:50% 100%;\nbackground-attachment:scroll;\n}\n<\/style>\n<div id='av_section_1'  class='avia-section av-2kmyxq-34d2c6c9d439a5ae40f24eeb1067df98 main_color avia-section-default avia-no-shadow  avia-builder-el-0  el_before_av_section  avia-builder-el-first  avia-full-stretch av-parallax-section avia-bg-style-parallax container_wrap sidebar_right'  data-section-bg-repeat='stretch'><div class='av-parallax' data-avia-parallax-ratio='0.3' ><div class='av-parallax-inner main_color avia-full-stretch'><\/div><\/div><div class='container av-section-cont-open' ><main  role=\"main\" itemprop=\"mainContentOfPage\"  class='template-page content  av-content-small alpha units'><div class='post-entry post-entry-type-page post-entry-1225'><div class='entry-content-wrapper clearfix'>\n\n<style type=\"text\/css\" data-created_by=\"avia_inline_auto\" id=\"style-css-av-2famjy-e197991ba2b11996ebb4168b4d3ead6c\">\n#top .av-special-heading.av-2famjy-e197991ba2b11996ebb4168b4d3ead6c{\npadding-bottom:10px;\ncolor:#ffffff;\nfont-size:60px;\n}\nbody .av-special-heading.av-2famjy-e197991ba2b11996ebb4168b4d3ead6c .av-special-heading-tag .heading-char{\nfont-size:25px;\n}\n#top #wrap_all .av-special-heading.av-2famjy-e197991ba2b11996ebb4168b4d3ead6c .av-special-heading-tag{\nfont-size:60px;\n}\n.av-special-heading.av-2famjy-e197991ba2b11996ebb4168b4d3ead6c .special-heading-inner-border{\nborder-color:#ffffff;\n}\n.av-special-heading.av-2famjy-e197991ba2b11996ebb4168b4d3ead6c .av-subheading{\nfont-size:15px;\n}\n<\/style>\n<div  class='av-special-heading av-2famjy-e197991ba2b11996ebb4168b4d3ead6c av-special-heading-h1 custom-color-heading blockquote modern-quote  avia-builder-el-1  avia-builder-el-no-sibling  av-inherit-size'><h1 class='av-special-heading-tag'  itemprop=\"headline\"  >R\u00e9servez<\/h1><div class=\"special-heading-border\"><div class=\"special-heading-inner-border\"><\/div><\/div><\/div>\n\n<\/div><\/div><\/main><!-- close content main element --><\/div><\/div><div id='av_section_2'  class='avia-section av-26hjfi-b39b149fd279d97c5508f1978585661b main_color avia-section-default avia-no-shadow  avia-builder-el-2  el_after_av_section  avia-builder-el-last  avia-bg-style-scroll container_wrap sidebar_right'  ><div class='container av-section-cont-open' ><div class='template-page content  av-content-small alpha units'><div class='post-entry post-entry-type-page post-entry-1225'><div class='entry-content-wrapper clearfix'>\n\n<style type=\"text\/css\" data-created_by=\"avia_inline_auto\" id=\"style-css-av-226vj2-a618cee5f65708c8533260a899c3c63a\">\n.flex_column.av-226vj2-a618cee5f65708c8533260a899c3c63a{\nborder-radius:0px 0px 0px 0px;\n-webkit-border-radius:0px 0px 0px 0px;\n-moz-border-radius:0px 0px 0px 0px;\n}\n<\/style>\n<div class='flex_column av-226vj2-a618cee5f65708c8533260a899c3c63a av_two_fifth  avia-builder-el-3  el_before_av_three_fifth  avia-builder-el-first  first flex_column_div av-zero-column-padding '   ><p>\n<style type=\"text\/css\" data-created_by=\"avia_inline_auto\" id=\"style-css-av-1usv52-70c141b6c2c6245e068a68825577d8c3\">\n#top .av-special-heading.av-1usv52-70c141b6c2c6245e068a68825577d8c3{\npadding-bottom:20px;\n}\nbody .av-special-heading.av-1usv52-70c141b6c2c6245e068a68825577d8c3 .av-special-heading-tag .heading-char{\nfont-size:25px;\n}\n.av-special-heading.av-1usv52-70c141b6c2c6245e068a68825577d8c3 .av-subheading{\nfont-size:15px;\n}\n<\/style>\n<div  class='av-special-heading av-1usv52-70c141b6c2c6245e068a68825577d8c3 av-special-heading-h2 blockquote modern-quote  avia-builder-el-4  el_before_av_textblock  avia-builder-el-first  av-thin-font'><h2 class='av-special-heading-tag'  itemprop=\"headline\"  ><strong>TARIFAS<\/strong> 2024\/25<\/h2><div class=\"special-heading-border\"><div class=\"special-heading-inner-border\"><\/div><\/div><\/div><br \/>\n<section  class='av_textblock_section av-1okh7i-44143d28e2a2e6a82bdc65f8805e345e'  itemscope=\"itemscope\" itemtype=\"https:\/\/schema.org\/CreativeWork\" ><div class='avia_textblock'  itemprop=\"text\" ><p><strong>Basse saison, 119\u20ac<\/strong><\/p>\n<p><strong>Moyenne saison, 130\u20ac<\/strong><\/p>\n<p><strong>Haute saison, 145\u20ac<\/strong><\/p>\n<p>Le prix correspond \u00e0 une chambre double et le petit d\u00e9jeuner.<\/p>\n<p>Compris:10% de TVA<\/p>\n<p>Non Compris: 1,10\u20ac de taxe de s\u00e9jour par personne par nuit<\/p>\n<p>Arriv\u00e9e: 15.00h<\/p>\n<p>D\u00e9part: 12.00h<\/p>\n<p><strong>Animaux de compagnie:<\/strong> Casa Matilda acepte les petits animaux, gentils et bien \u00e9duqu\u00e9s. Merci de nous informer lors de votre r\u00e9servation. (15\u20ac extra par jour).<\/p>\n<p>Les enfants \u00e2g\u00e9s de plus de 12 ans sont les bienvenus.<\/p>\n<p>Une connexion WI-FI est disponible dans tout l\u2019\u00e9tablissement gratuitement<\/p>\n<p>Un parking gratuit et public est disponible sur place (sans r\u00e9servation pr\u00e9alable)<\/p>\n<p>Pour tout renseignement compl\u00e9mentaire, vous pouvez nous contacter:<\/p>\n<p><strong>+34 660 83 53 72<\/strong>\u00a0<img loading=\"lazy\" decoding=\"async\" src=\"https:\/\/casamatilda.es\/wp-content\/uploads\/2018\/02\/WhatsApp_Logo_1.png\" width=\"16\" height=\"15\" align=\"bottom\" \/><br \/>\n<a href=\"mailto:contacto@casamatilda.es\">contacto@casamatilda.es <\/a><\/p>\n<p>Ou bien remplir notre formulaire de contact.<\/p>\n<\/div><\/section><\/p><\/div>\n<style type=\"text\/css\" data-created_by=\"avia_inline_auto\" id=\"style-css-av-1kyvba-ea28e470fbdf7d5124f67278024c4441\">\n.flex_column.av-1kyvba-ea28e470fbdf7d5124f67278024c4441{\nborder-radius:0px 0px 0px 0px;\n-webkit-border-radius:0px 0px 0px 0px;\n-moz-border-radius:0px 0px 0px 0px;\n}\n<\/style>\n<div class='flex_column av-1kyvba-ea28e470fbdf7d5124f67278024c4441 av_three_fifth  avia-builder-el-6  el_after_av_two_fifth  avia-builder-el-last  flex_column_div av-zero-column-padding '   ><form action=\"https:\/\/casamatilda.es\/fr\/reservations\/\" method=\"post\"  class=\"avia_ajax_form av-form-labels-visible   avia-builder-el-7  avia-builder-el-no-sibling   \" data-avia-form-id=\"1\" data-avia-redirect='' ><h3 class=''>Contact<\/h3><fieldset><p class='  first_form  form_element form_fullwidth' id='element_avia_1_1'><label for=\"avia_1_1\">Nom <abbr class=\"required\" title=\"requis(e)\">*<\/abbr><\/label> <input name=\"avia_1_1\" class=\"text_input is_empty\" type=\"text\" id=\"avia_1_1\" value=\"\" \/><\/p><p class='  first_form  form_element form_fullwidth' id='element_avia_2_1'><label for=\"avia_2_1\">Email <abbr class=\"required\" title=\"requis(e)\">*<\/abbr><\/label> <input name=\"avia_2_1\" class=\"text_input is_email\" type=\"text\" id=\"avia_2_1\" value=\"\" \/><\/p><p class='  first_form  form_element form_element_half' id='element_avia_3_1'><label for=\"avia_3_1\">T\u00e9l\u00e9phone<\/label> <input name=\"avia_3_1\" class=\"text_input \" type=\"text\" id=\"avia_3_1\" value=\"\" \/><\/p><p class='  form_element form_element_half' id='element_avia_4_1'><label for=\"avia_4_1\">Numero de personnes<\/label> <input name=\"avia_4_1\" class=\"text_input \" type=\"text\" id=\"avia_4_1\" value=\"\" \/><\/p><p class='  first_form  form_element form_element_half' id='element_avia_5_1'><label for=\"avia_5_1\">Date d&#039;arriv\u00e9e<\/label> <input name=\"avia_5_1\" class=\"avia_datepicker text_input \" type=\"text\" id=\"avia_5_1\" value=\"\" placeholder=\"DD \/ MM \/ YY\" \/><\/p><p class='  form_element form_element_half' id='element_avia_6_1'><label for=\"avia_6_1\">Date de d\u00e9part<\/label> <input name=\"avia_6_1\" class=\"avia_datepicker text_input \" type=\"text\" id=\"avia_6_1\" value=\"\" placeholder=\"DD \/ MM \/ YY\" \/><\/p><p class='  first_form  form_element form_fullwidth av-last-visible-form-element' id='element_avia_7_1'><label for=\"avia_7_1\" class=\"textare_label hidden textare_label_avia_7_1\">Commentaires<\/label><textarea  name=\"avia_7_1\" class=\"text_area \" cols=\"40\" rows=\"7\" id=\"avia_7_1\" ><\/textarea><\/p><p class=\"hidden\"><input type=\"text\" name=\"avia_8_1\" class=\"hidden \" id=\"avia_8_1\" value=\"\" \/><\/p><p class=\"form_element \"><input type=\"hidden\" value=\"1\" name=\"avia_generated_form1\" \/><input type=\"submit\" value=\"Envoyer\" class=\"button\"  data-sending-label=\"Envoi\"\/><\/p><\/fieldset><\/form><div id=\"ajaxresponse_1\" class=\"ajaxresponse ajaxresponse_1 hidden\"><\/div><\/div><\/div><\/div><\/div><!-- close content main div --><\/div><\/div><div id='after_section_2'  class='main_color av_default_container_wrap container_wrap sidebar_right'  ><div class='container av-section-cont-open' ><div class='template-page content  av-content-small alpha units'><div class='post-entry post-entry-type-page post-entry-1225'><div class='entry-content-wrapper clearfix'>\n","protected":false},"excerpt":{"rendered":"","protected":false},"author":1,"featured_media":0,"parent":0,"menu_order":0,"comment_status":"closed","ping_status":"closed","template":"","meta":{"_exactmetrics_skip_tracking":false,"_exactmetrics_sitenote_active":false,"_exactmetrics_sitenote_note":"","_exactmetrics_sitenote_category":0,"footnotes":""},"class_list":["post-1225","page","type-page","status-publish","hentry"],"_links":{"self":[{"href":"https:\/\/casamatilda.es\/fr\/wp-json\/wp\/v2\/pages\/1225","targetHints":{"allow":["GET"]}}],"collection":[{"href":"https:\/\/casamatilda.es\/fr\/wp-json\/wp\/v2\/pages"}],"about":[{"href":"https:\/\/casamatilda.es\/fr\/wp-json\/wp\/v2\/types\/page"}],"author":[{"embeddable":true,"href":"https:\/\/casamatilda.es\/fr\/wp-json\/wp\/v2\/users\/1"}],"replies":[{"embeddable":true,"href":"https:\/\/casamatilda.es\/fr\/wp-json\/wp\/v2\/comments?post=1225"}],"version-history":[{"count":36,"href":"https:\/\/casamatilda.es\/fr\/wp-json\/wp\/v2\/pages\/1225\/revisions"}],"predecessor-version":[{"id":1537,"href":"https:\/\/casamatilda.es\/fr\/wp-json\/wp\/v2\/pages\/1225\/revisions\/1537"}],"wp:attachment":[{"href":"https:\/\/casamatilda.es\/fr\/wp-json\/wp\/v2\/media?parent=1225"}],"curies":[{"name":"wp","href":"https:\/\/api.w.org\/{rel}","templated":true}]}}